{"id":537,"date":"2017-04-03T18:21:16","date_gmt":"2017-04-03T16:21:16","guid":{"rendered":"http:\/\/variel.cz\/?page_id=537"},"modified":"2026-04-10T12:50:47","modified_gmt":"2026-04-10T10:50:47","slug":"kontakty","status":"publish","type":"page","link":"https:\/\/variel.cz\/en\/kontakty\/","title":{"rendered":"Contacts"},"content":{"rendered":"<p><iframe class=\"g-map\" src=\"https:\/\/www.google.com\/maps\/embed?pb=!1m18!1m12!1m3!1d7292.742958781821!2d15.100125810377312!3d49.741406314657766!2m3!1f0!2f0!3f0!3m2!1i1024!2i768!4f13.1!3m3!1m2!1s0x470c5e2c2ae53aa7%3A0x28bb4aaa808d25c2!2sVariel%2C%20a.s.!5e0!3m2!1scs!2scz!4v1574878137500!5m2!1scs!2scz\" width=\"650\" height=\"400\" frameborder=\"0\" allowfullscreen=\"allowfullscreen\"><\/iframe><\/p>\n<div class=\"kontakt-left\"><strong>VARIEL, a. s.<br \/>\nPrumyslova 1034<br \/>\nCZ \u2013 285 22 Zruc nad Sazavou<br \/>\nCzech republic<br \/>\nCIN: 45148287<br \/>\nVATIN: CZ45148287<br \/>\n<\/strong>WWW: <a href=\"https:\/\/variel.cz\/en\/\">www.variel.cz<\/a><br \/>\nE-mail: <a href=\"mailto:variel@variel.cz\">variel@variel.cz<\/a>Tel.: +420 327 536 111<br \/>\n+420 327 536 200<\/div>\n<div style=\"clear: both;\"><\/div>\n<hr \/>\n<p><strong>Ing. Roman V\u00fdborn\u00fd<\/strong><br \/>\nGeneral Director<br \/>\nPhone: +420 327 536 201<br \/>\nE-mail: <a href=\"mailto:roman.vyborny@variel.cz\">roman.vyborny@variel.cz<\/a><\/p>\n<hr \/>\n<p><strong>Ing. Miroslava Stoklasov\u00e1<\/strong><br \/>\nHead of the General Director's office<br \/>\nCompliance Manager<br \/>\nPhone: +420 327 536 202<br \/>\nE-mail: <a href=\"mailto:miroslava.stoklasova@variel.cz\">miroslava.stoklasova@variel.cz<\/a><\/p>\n<hr \/>\n<p><strong>Ing. Martin Pracha\u0159<\/strong><br \/>\nSales Director<br \/>\nzmocn\u011bnec k zastupov\u00e1n\u00ed spole\u010dnosti<br \/>\nPhone: +420 327 536 203<br \/>\nE-mail: <a href=\"mailto:martin.prachar@variel.cz\">martin.prachar@variel.cz<\/a><\/p>\n<hr \/>\n<p><strong>Josef Z\u00e1vorka<\/strong><br \/>\nTechnical Director<br \/>\nTel.: +420 327 536 283<br \/>\nE-mail: <a href=\"mailto:josef.zavorka@variel.cz\">josef.zavorka@variel.cz<\/a><\/p>\n<hr \/>\n<p><strong>Ing. Miroslav Kr\u00e1l<\/strong><br \/>\nProduction Director<br \/>\nPhone: +420 327 536 205<br \/>\nE-mail: <a href=\"mailto:miroslav.kral@variel.cz\">miroslav.kral@variel.cz<\/a><\/p>\n<hr \/>\n<p><strong>Ivana Cudl\u00ednov\u00e1<\/strong><br \/>\nHead of Finance department<br \/>\nchief accountant<br \/>\nTel.: +420 327 536 227<br \/>\nE-mail: <a href=\"mailto:ivana.cudlinova@variel.cz\">ivana.cudlinova@variel.cz<\/a><\/p>\n<hr \/>\n<p><strong>Ing. Josef Chlad<\/strong><br \/>\nQuality Management representative<br \/>\nPhone: +420 327 536 284<br \/>\nE-mail: <a href=\"mailto:josef.chlad@variel.cz\">josef.chlad@variel.cz<\/a><\/p>\n<hr \/>\n<p><strong>Ing. Robert Dabrowski<\/strong><br \/>\nHead of Sales department<br \/>\nPhone: +420 327 536 208<br \/>\nE-mail: <a href=\"mailto:robert.dabrowski@variel.cz\">robert.dabrowski@variel.cz<\/a><\/p>\n<hr \/>\n<p><strong>Jan M\u00e1cha<\/strong><br \/>\nComposite production Manager<br \/>\nPhone: +420 327 536 277<br \/>\nE-mail: <a href=\"mailto:jan.macha@variel.cz\">jan.macha@variel.cz<\/a><\/p>\n<hr \/>\n<p><strong>Ing. Fawad Nadri, MBA<\/strong><br \/>\nSpecial Project Manager<br \/>\nTel.: +420 725 054 003<br \/>\nE-mail: <a href=\"mailto:fawad.nadri@variel.cz\">fawad.nadri@variel.cz<\/a><\/p>\n<hr \/>\n<p><strong>Marie Kunov\u00e1<\/strong><br \/>\nSenior Buyer<br \/>\nTel.: +420 327 536 207<br \/>\nE-mail: <a href=\"mailto:marie.kunova@variel.cz\">marie.kunova@variel.cz<\/a><\/p>\n<hr \/>\n<p><strong>Monika Ry\u0161av\u00e1<\/strong><br \/>\nDispatch, Invoicing<br \/>\nPhone: +420 327 536 209<br \/>\nE-mail: <a href=\"mailto:monika.rysava@variel.cz\">monika.rysava@variel.cz<\/a><\/p>\n<hr \/>\n<p>&nbsp;<\/p>","protected":false},"excerpt":{"rendered":"<p>VARIEL, a. s. Pr\u016fmyslov\u00e1 1034 CZ &#8211; 285 22 Zru\u010d nad S\u00e1zavou \u010cesk\u00e1 republika I\u010cO: 45148287 DI\u010c: CZ45148287 WWW: www.variel.cz E-mail: variel@variel.czTel.: +420 327 536 111 +420 327 536 200 Ing. Roman V\u00fdborn\u00fd \u0159editel Tel.: +420 327 536 201 E-mail: roman.vyborny@variel.cz Ing. Miroslava Stoklasov\u00e1 vedouc\u00ed kancel\u00e1\u0159e \u0159editele compliance mana\u017eer Tel.: +420 327 536 202 E-mail: <a href=\"https:\/\/variel.cz\/en\/kontakty\/\" rel=\"nofollow\"><span class=\"sr-only\">Read more about Kontakty<\/span>[&hellip;]<\/a><\/p>","protected":false},"author":1,"featured_media":0,"parent":0,"menu_order":0,"comment_status":"closed","ping_status":"closed","template":"","meta":{"footnotes":""},"class_list":["post-537","page","type-page","status-publish","hentry","wpautop"],"yoast_head":"<!-- This site is optimized with the Yoast SEO plugin v23.6 - https:\/\/yoast.com\/wordpress\/plugins\/seo\/ -->\n<title>Kontakty | VARIEL a.s.<\/title>\n<meta name=\"robots\" content=\"index, follow, max-snippet:-1, max-image-preview:large, max-video-preview:-1\" \/>\n<link rel=\"canonical\" href=\"https:\/\/variel.cz\/en\/kontakty\/\" \/>\n<meta property=\"og:locale\" content=\"en_GB\" \/>\n<meta property=\"og:type\" content=\"article\" \/>\n<meta property=\"og:title\" content=\"Kontakty | VARIEL a.s.\" \/>\n<meta property=\"og:description\" content=\"VARIEL, a. s. Pr\u016fmyslov\u00e1 1034 CZ &#8211; 285 22 Zru\u010d nad S\u00e1zavou \u010cesk\u00e1 republika I\u010cO: 45148287 DI\u010c: CZ45148287 WWW: www.variel.cz E-mail: variel@variel.czTel.: +420 327 536 111 +420 327 536 200 Ing. Roman V\u00fdborn\u00fd \u0159editel Tel.: +420 327 536 201 E-mail: roman.vyborny@variel.cz Ing. Miroslava Stoklasov\u00e1 vedouc\u00ed kancel\u00e1\u0159e \u0159editele compliance mana\u017eer Tel.: +420 327 536 202 E-mail: Read more about Kontakty[&hellip;]\" \/>\n<meta property=\"og:url\" content=\"https:\/\/variel.cz\/en\/kontakty\/\" \/>\n<meta property=\"og:site_name\" content=\"VARIEL a.s.\" \/>\n<meta property=\"article:modified_time\" content=\"2026-04-10T10:50:47+00:00\" \/>\n<meta name=\"twitter:card\" content=\"summary_large_image\" \/>\n<meta name=\"twitter:label1\" content=\"Estimated reading time\" \/>\n\t<meta name=\"twitter:data1\" content=\"1 minute\" \/>\n<script type=\"application\/ld+json\" class=\"yoast-schema-graph\">{\"@context\":\"https:\/\/schema.org\",\"@graph\":[{\"@type\":\"WebPage\",\"@id\":\"https:\/\/variel.cz\/kontakty\/\",\"url\":\"https:\/\/variel.cz\/kontakty\/\",\"name\":\"Kontakty | VARIEL a.s.\",\"isPartOf\":{\"@id\":\"https:\/\/variel.cz\/#website\"},\"datePublished\":\"2017-04-03T16:21:16+00:00\",\"dateModified\":\"2026-04-10T10:50:47+00:00\",\"breadcrumb\":{\"@id\":\"https:\/\/variel.cz\/kontakty\/#breadcrumb\"},\"inLanguage\":\"en-GB\",\"potentialAction\":[{\"@type\":\"ReadAction\",\"target\":[\"https:\/\/variel.cz\/kontakty\/\"]}]},{\"@type\":\"BreadcrumbList\",\"@id\":\"https:\/\/variel.cz\/kontakty\/#breadcrumb\",\"itemListElement\":[{\"@type\":\"ListItem\",\"position\":1,\"name\":\"Dom\u016f\",\"item\":\"https:\/\/variel.cz\/\"},{\"@type\":\"ListItem\",\"position\":2,\"name\":\"Kontakty\"}]},{\"@type\":\"WebSite\",\"@id\":\"https:\/\/variel.cz\/#website\",\"url\":\"https:\/\/variel.cz\/\",\"name\":\"VARIEL a.s.\",\"description\":\"Technologick\u00e9, arm\u00e1dn\u00ed kontejnery, po\u0161tovn\u00ed schr\u00e1nky\",\"publisher\":{\"@id\":\"https:\/\/variel.cz\/#organization\"},\"potentialAction\":[{\"@type\":\"SearchAction\",\"target\":{\"@type\":\"EntryPoint\",\"urlTemplate\":\"https:\/\/variel.cz\/?s={search_term_string}\"},\"query-input\":{\"@type\":\"PropertyValueSpecification\",\"valueRequired\":true,\"valueName\":\"search_term_string\"}}],\"inLanguage\":\"en-GB\"},{\"@type\":\"Organization\",\"@id\":\"https:\/\/variel.cz\/#organization\",\"name\":\"Variel a.s\",\"url\":\"https:\/\/variel.cz\/\",\"logo\":{\"@type\":\"ImageObject\",\"inLanguage\":\"en-GB\",\"@id\":\"https:\/\/variel.cz\/#\/schema\/logo\/image\/\",\"url\":\"https:\/\/variel.cz\/wp-content\/uploads\/2019\/11\/logo-variel-topm.png\",\"contentUrl\":\"https:\/\/variel.cz\/wp-content\/uploads\/2019\/11\/logo-variel-topm.png\",\"width\":300,\"height\":274,\"caption\":\"Variel a.s\"},\"image\":{\"@id\":\"https:\/\/variel.cz\/#\/schema\/logo\/image\/\"}}]}<\/script>\n<!-- \/ Yoast SEO plugin. -->","yoast_head_json":{"title":"Kontakty | VARIEL a.s.","robots":{"index":"index","follow":"follow","max-snippet":"max-snippet:-1","max-image-preview":"max-image-preview:large","max-video-preview":"max-video-preview:-1"},"canonical":"https:\/\/variel.cz\/en\/kontakty\/","og_locale":"en_GB","og_type":"article","og_title":"Kontakty | VARIEL a.s.","og_description":"VARIEL, a. s. Pr\u016fmyslov\u00e1 1034 CZ &#8211; 285 22 Zru\u010d nad S\u00e1zavou \u010cesk\u00e1 republika I\u010cO: 45148287 DI\u010c: CZ45148287 WWW: www.variel.cz E-mail: variel@variel.czTel.: +420 327 536 111 +420 327 536 200 Ing. Roman V\u00fdborn\u00fd \u0159editel Tel.: +420 327 536 201 E-mail: roman.vyborny@variel.cz Ing. Miroslava Stoklasov\u00e1 vedouc\u00ed kancel\u00e1\u0159e \u0159editele compliance mana\u017eer Tel.: +420 327 536 202 E-mail: Read more about Kontakty[&hellip;]","og_url":"https:\/\/variel.cz\/en\/kontakty\/","og_site_name":"VARIEL a.s.","article_modified_time":"2026-04-10T10:50:47+00:00","twitter_card":"summary_large_image","twitter_misc":{"Estimated reading time":"1 minute"},"schema":{"@context":"https:\/\/schema.org","@graph":[{"@type":"WebPage","@id":"https:\/\/variel.cz\/kontakty\/","url":"https:\/\/variel.cz\/kontakty\/","name":"Kontakty | VARIEL a.s.","isPartOf":{"@id":"https:\/\/variel.cz\/#website"},"datePublished":"2017-04-03T16:21:16+00:00","dateModified":"2026-04-10T10:50:47+00:00","breadcrumb":{"@id":"https:\/\/variel.cz\/kontakty\/#breadcrumb"},"inLanguage":"en-GB","potentialAction":[{"@type":"ReadAction","target":["https:\/\/variel.cz\/kontakty\/"]}]},{"@type":"BreadcrumbList","@id":"https:\/\/variel.cz\/kontakty\/#breadcrumb","itemListElement":[{"@type":"ListItem","position":1,"name":"Dom\u016f","item":"https:\/\/variel.cz\/"},{"@type":"ListItem","position":2,"name":"Kontakty"}]},{"@type":"WebSite","@id":"https:\/\/variel.cz\/#website","url":"https:\/\/variel.cz\/","name":"VARIEL a.s.","description":"Technologick\u00e9, arm\u00e1dn\u00ed kontejnery, po\u0161tovn\u00ed schr\u00e1nky","publisher":{"@id":"https:\/\/variel.cz\/#organization"},"potentialAction":[{"@type":"SearchAction","target":{"@type":"EntryPoint","urlTemplate":"https:\/\/variel.cz\/?s={search_term_string}"},"query-input":{"@type":"PropertyValueSpecification","valueRequired":true,"valueName":"search_term_string"}}],"inLanguage":"en-GB"},{"@type":"Organization","@id":"https:\/\/variel.cz\/#organization","name":"Variel a.s","url":"https:\/\/variel.cz\/","logo":{"@type":"ImageObject","inLanguage":"en-GB","@id":"https:\/\/variel.cz\/#\/schema\/logo\/image\/","url":"https:\/\/variel.cz\/wp-content\/uploads\/2019\/11\/logo-variel-topm.png","contentUrl":"https:\/\/variel.cz\/wp-content\/uploads\/2019\/11\/logo-variel-topm.png","width":300,"height":274,"caption":"Variel a.s"},"image":{"@id":"https:\/\/variel.cz\/#\/schema\/logo\/image\/"}}]}},"_links":{"self":[{"href":"https:\/\/variel.cz\/en\/wp-json\/wp\/v2\/pages\/537"}],"collection":[{"href":"https:\/\/variel.cz\/en\/wp-json\/wp\/v2\/pages"}],"about":[{"href":"https:\/\/variel.cz\/en\/wp-json\/wp\/v2\/types\/page"}],"author":[{"embeddable":true,"href":"https:\/\/variel.cz\/en\/wp-json\/wp\/v2\/users\/1"}],"replies":[{"embeddable":true,"href":"https:\/\/variel.cz\/en\/wp-json\/wp\/v2\/comments?post=537"}],"version-history":[{"count":0,"href":"https:\/\/variel.cz\/en\/wp-json\/wp\/v2\/pages\/537\/revisions"}],"wp:attachment":[{"href":"https:\/\/variel.cz\/en\/wp-json\/wp\/v2\/media?parent=537"}],"curies":[{"name":"wp","href":"https:\/\/api.w.org\/{rel}","templated":true}]}}