{"id":509,"date":"2017-04-03T17:13:12","date_gmt":"2017-04-03T15:13:12","guid":{"rendered":"http:\/\/variel.cz\/?page_id=509"},"modified":"2026-04-20T11:02:28","modified_gmt":"2026-04-20T09:02:28","slug":"kariera","status":"publish","type":"page","link":"https:\/\/variel.cz\/en\/kariera\/","title":{"rendered":"Career"},"content":{"rendered":"<h2><strong>Technolog<\/strong><\/h2>\r\nPo\u017eadujeme &#8211; n\u00e1pl\u0148 pr\u00e1ce:\r\n<ul>\r\n \t<li>tvorba technologick\u00fdch postup\u016f<\/li>\r\n \t<li>normov\u00e1n\u00ed spot\u0159eby pr\u00e1ce<\/li>\r\n \t<li>flexibilita, komunikativnost, pe\u010dlivost, odolnost v\u016f\u010di stresu<\/li>\r\n<\/ul>\r\n&nbsp;\r\n\r\n<hr \/>\r\n\r\n<h2><strong>Samostatn\u00fd referent odd\u011bln\u00ed \u0159\u00edzen\u00ed jakosti &#8211; meziopera\u010dn\u00ed a v\u00fdstupn\u00ed kontrola<\/strong><\/h2>\r\nPo\u017eadujeme:\r\n<ul>\r\n \t<li>S\u0160 technick\u00e9ho\/stroj\u00edrensk\u00e9ho sm\u011bru<\/li>\r\n \t<li>znalost technick\u00e9 dokumentace<\/li>\r\n \t<li>flexibilita, komunikativnost, pe\u010dlivost, odolnost v\u016f\u010di stresu<\/li>\r\n<\/ul>\r\n&nbsp;\r\n\r\n<hr \/>\r\n\r\n<h2>Samostatn\u00fd konstrukt\u00e9r<\/h2>\r\nPo\u017eadujeme:\r\n<ul>\r\n \t<li>\u00fapln\u00e9 st\u0159edo\u0161kolsk\u00e9 nebo vysoko\u0161kolsk\u00e9 vzd\u011bl\u00e1n\u00ed technick\u00e9ho sm\u011bru, nejl\u00e9pe s prax\u00ed (nen\u00ed podm\u00ednkou)<\/li>\r\n \t<li>schopnost samostatn\u00e9ho rozhodov\u00e1n\u00ed, aktivn\u00ed p\u0159\u00edstup k pln\u011bn\u00ed pracovn\u00edch \u00fakol\u016f<\/li>\r\n \t<li>znalost anglick\u00e9ho jazyka v\u00fdhodou<\/li>\r\n<\/ul>\r\n&nbsp;\r\n\r\n<hr \/>\r\n\r\n<h2>Lak\u00fdrn\u00edk<\/h2>\r\nPo\u017eadujeme:\r\n<ul>\r\n \t<li>znalost technick\u00e9 dokumentace<\/li>\r\n \t<li>manu\u00e1ln\u00ed zru\u010dnost<\/li>\r\n<\/ul>\r\n&nbsp;\r\n\r\n<hr \/>\r\n\r\n<h2>Sv\u00e1\u0159e\u010d<\/h2>\r\nPo\u017eadujeme:\r\n<ul>\r\n \t<li>z\u00e1kladn\u00ed kurz pro metodu 135<\/li>\r\n \t<li>znalost v\u00fdrobn\u00ed v\u00fdkresov\u00e9 dokumentace<\/li>\r\n<\/ul>\r\n&nbsp;\r\n\r\n<hr \/>\r\n\r\n<h2>Obsluha 2D laseru<\/h2>\r\n<h3>(ohra\u0148ovac\u00ed lis, \u00a02D laser, d\u011brovac\u00ed stroj, sva\u0159ovac\u00ed robot, 3D fr\u00e9zka na modely, oh\u00fdba\u010dka plechu)<\/h3>\r\nPo\u017eadujeme:\r\n<ul>\r\n \t<li>znalost technick\u00e9 dokumentace<\/li>\r\n \t<li>manu\u00e1ln\u00ed zru\u010dnost<\/li>\r\n<\/ul>\r\n&nbsp;\r\n\r\n<hr \/>\r\n\r\n<h2>Manipula\u010dn\u00ed d\u011bln\u00edk<\/h2>\r\nPo\u017eadujeme:\r\n<ul>\r\n \t<li>zku\u0161enost s\u00a0\u0159\u00edzen\u00edm VZV a platn\u00fd pr\u016fkaz na VZV v\u00fdhodou<\/li>\r\n \t<li>znalost technick\u00e9 dokumentace<\/li>\r\n \t<li>manu\u00e1ln\u00ed zru\u010dnost<\/li>\r\n<\/ul>\r\n&nbsp;\r\n\r\n<hr \/>\r\n\r\n<h2>Str\u00e1\u017en\u00fd (st\u0159\u00edda\u010d po dobu dovolen\u00fdch, nemoc\u00ed)<\/h2>\r\nPo\u017eadujeme:\r\n<ul>\r\n \t<li>trestn\u00ed bez\u00fahonnost, komunikativnost<\/li>\r\n<\/ul>\r\n&nbsp;\r\n\r\n<hr \/>\r\n\r\n<h2>Mont\u00e1\u017en\u00ed d\u011bln\u00edk<\/h2>\r\nPo\u017eadujeme:\r\n<ul>\r\n \t<li>znalost technick\u00e9 dokumentace<\/li>\r\n \t<li>manu\u00e1ln\u00ed zru\u010dnost<\/li>\r\n<\/ul>\r\n&nbsp;\r\n\r\n<hr \/>\r\n\r\n<h2>V\u0161em profes\u00edm NAB\u00cdZ\u00cdME:<\/h2>\r\n<ul>\r\n \t<li>v\u00fdhodn\u00e9 platov\u00e9 podm\u00ednky odpov\u00eddaj\u00edc\u00ed v\u00fdsledk\u016fm pr\u00e1ce<\/li>\r\n \t<li>pr\u016fb\u011b\u017en\u00e9 vzd\u011bl\u00e1v\u00e1n\u00ed v oboru<\/li>\r\n \t<li>syst\u00e9m zam\u011bstnaneck\u00fdch v\u00fdhod (p\u0159\u00edsp\u011bvek na penzijn\u00ed p\u0159ipoji\u0161t\u011bn\u00ed, stravov\u00e1n\u00ed v z\u00e1vodn\u00ed j\u00eddeln\u011b &#8211; ob\u011bd za 45 K\u010d a v\u00fdb\u011br 5 j\u00eddel)<\/li>\r\n \t<li>pr\u00e1ci na hlavn\u00ed pracovn\u00ed pom\u011br s mo\u017enost\u00ed okam\u017eit\u00e9ho n\u00e1stupu<\/li>\r\n \t<li>zaj\u00edmav\u00e1 pracovn\u00ed doba, u nev\u00fdrobn\u00edch pozic pru\u017en\u00e1 pracovn\u00ed doba<\/li>\r\n \t<li>t\u00fdden dovolen\u00e9 nav\u00edc s pravideln\u00fdm \u010derp\u00e1n\u00edm souvisl\u00e9 dvout\u00fddenn\u00ed dovolen\u00e9 v l\u00e9t\u011b a v\u00e1no\u010dn\u00ed dovolen\u00e9 na konci roku<\/li>\r\n<\/ul>\r\n&nbsp;\r\n<h3>Kontakt: Ing. Stoklasov\u00e1, tel. 327 536 202, mobil 606 622 466<\/h3>\r\n&nbsp;","protected":false},"excerpt":{"rendered":"Technolog Po\u017eadujeme &#8211; n\u00e1pl\u0148 pr\u00e1ce: tvorba technologick\u00fdch postup\u016f normov\u00e1n\u00ed spot\u0159eby pr\u00e1ce flexibilita, komunikativnost, pe\u010dlivost, odolnost v\u016f\u010di stresu &nbsp; Samostatn\u00fd referent odd\u011bln\u00ed \u0159\u00edzen\u00ed jakosti &#8211; meziopera\u010dn\u00ed a v\u00fdstupn\u00ed kontrola Po\u017eadujeme: S\u0160 technick\u00e9ho\/stroj\u00edrensk\u00e9ho sm\u011bru znalost technick\u00e9 dokumentace flexibilita, komunikativnost, pe\u010dlivost, odolnost v\u016f\u010di stresu &nbsp; Samostatn\u00fd konstrukt\u00e9r Po\u017eadujeme: \u00fapln\u00e9 st\u0159edo\u0161kolsk\u00e9 nebo vysoko\u0161kolsk\u00e9 vzd\u011bl\u00e1n\u00ed technick\u00e9ho sm\u011bru, nejl\u00e9pe s prax\u00ed <a href=\"https:\/\/variel.cz\/en\/kariera\/\" rel=\"nofollow\"><span class=\"sr-only\">Read more about Kari\u00e9ra<\/span>[&hellip;]<\/a>","protected":false},"author":1,"featured_media":0,"parent":0,"menu_order":0,"comment_status":"closed","ping_status":"closed","template":"","meta":{"footnotes":""},"class_list":["post-509","page","type-page","status-publish","hentry","no-wpautop"],"yoast_head":"<!-- This site is optimized with the Yoast SEO plugin v23.6 - https:\/\/yoast.com\/wordpress\/plugins\/seo\/ -->\n<title>Kari\u00e9ra | VARIEL a.s.<\/title>\n<meta name=\"robots\" content=\"index, follow, max-snippet:-1, max-image-preview:large, max-video-preview:-1\" \/>\n<link rel=\"canonical\" href=\"https:\/\/variel.cz\/en\/kariera\/\" \/>\n<meta property=\"og:locale\" content=\"en_GB\" \/>\n<meta property=\"og:type\" content=\"article\" \/>\n<meta property=\"og:title\" content=\"Kari\u00e9ra | VARIEL a.s.\" \/>\n<meta property=\"og:description\" content=\"Technolog Po\u017eadujeme &#8211; n\u00e1pl\u0148 pr\u00e1ce: tvorba technologick\u00fdch postup\u016f normov\u00e1n\u00ed spot\u0159eby pr\u00e1ce flexibilita, komunikativnost, pe\u010dlivost, odolnost v\u016f\u010di stresu &nbsp; Samostatn\u00fd referent odd\u011bln\u00ed \u0159\u00edzen\u00ed jakosti &#8211; meziopera\u010dn\u00ed a v\u00fdstupn\u00ed kontrola Po\u017eadujeme: S\u0160 technick\u00e9ho\/stroj\u00edrensk\u00e9ho sm\u011bru znalost technick\u00e9 dokumentace flexibilita, komunikativnost, pe\u010dlivost, odolnost v\u016f\u010di stresu &nbsp; Samostatn\u00fd konstrukt\u00e9r Po\u017eadujeme: \u00fapln\u00e9 st\u0159edo\u0161kolsk\u00e9 nebo vysoko\u0161kolsk\u00e9 vzd\u011bl\u00e1n\u00ed technick\u00e9ho sm\u011bru, nejl\u00e9pe s prax\u00ed Read more about Kari\u00e9ra[&hellip;]\" \/>\n<meta property=\"og:url\" content=\"https:\/\/variel.cz\/en\/kariera\/\" \/>\n<meta property=\"og:site_name\" content=\"VARIEL a.s.\" \/>\n<meta property=\"article:modified_time\" content=\"2026-04-20T09:02:28+00:00\" \/>\n<meta name=\"twitter:card\" content=\"summary_large_image\" \/>\n<meta name=\"twitter:label1\" content=\"Estimated reading time\" \/>\n\t<meta name=\"twitter:data1\" content=\"2 minutes\" \/>\n<script type=\"application\/ld+json\" class=\"yoast-schema-graph\">{\"@context\":\"https:\/\/schema.org\",\"@graph\":[{\"@type\":\"WebPage\",\"@id\":\"https:\/\/variel.cz\/kariera\/\",\"url\":\"https:\/\/variel.cz\/kariera\/\",\"name\":\"Kari\u00e9ra | VARIEL a.s.\",\"isPartOf\":{\"@id\":\"https:\/\/variel.cz\/#website\"},\"datePublished\":\"2017-04-03T15:13:12+00:00\",\"dateModified\":\"2026-04-20T09:02:28+00:00\",\"breadcrumb\":{\"@id\":\"https:\/\/variel.cz\/kariera\/#breadcrumb\"},\"inLanguage\":\"en-GB\",\"potentialAction\":[{\"@type\":\"ReadAction\",\"target\":[\"https:\/\/variel.cz\/kariera\/\"]}]},{\"@type\":\"BreadcrumbList\",\"@id\":\"https:\/\/variel.cz\/kariera\/#breadcrumb\",\"itemListElement\":[{\"@type\":\"ListItem\",\"position\":1,\"name\":\"Dom\u016f\",\"item\":\"https:\/\/variel.cz\/\"},{\"@type\":\"ListItem\",\"position\":2,\"name\":\"Kari\u00e9ra\"}]},{\"@type\":\"WebSite\",\"@id\":\"https:\/\/variel.cz\/#website\",\"url\":\"https:\/\/variel.cz\/\",\"name\":\"VARIEL a.s.\",\"description\":\"Technologick\u00e9, arm\u00e1dn\u00ed kontejnery, po\u0161tovn\u00ed schr\u00e1nky\",\"publisher\":{\"@id\":\"https:\/\/variel.cz\/#organization\"},\"potentialAction\":[{\"@type\":\"SearchAction\",\"target\":{\"@type\":\"EntryPoint\",\"urlTemplate\":\"https:\/\/variel.cz\/?s={search_term_string}\"},\"query-input\":{\"@type\":\"PropertyValueSpecification\",\"valueRequired\":true,\"valueName\":\"search_term_string\"}}],\"inLanguage\":\"en-GB\"},{\"@type\":\"Organization\",\"@id\":\"https:\/\/variel.cz\/#organization\",\"name\":\"Variel a.s\",\"url\":\"https:\/\/variel.cz\/\",\"logo\":{\"@type\":\"ImageObject\",\"inLanguage\":\"en-GB\",\"@id\":\"https:\/\/variel.cz\/#\/schema\/logo\/image\/\",\"url\":\"https:\/\/variel.cz\/wp-content\/uploads\/2019\/11\/logo-variel-topm.png\",\"contentUrl\":\"https:\/\/variel.cz\/wp-content\/uploads\/2019\/11\/logo-variel-topm.png\",\"width\":300,\"height\":274,\"caption\":\"Variel a.s\"},\"image\":{\"@id\":\"https:\/\/variel.cz\/#\/schema\/logo\/image\/\"}}]}<\/script>\n<!-- \/ Yoast SEO plugin. -->","yoast_head_json":{"title":"Kari\u00e9ra | VARIEL a.s.","robots":{"index":"index","follow":"follow","max-snippet":"max-snippet:-1","max-image-preview":"max-image-preview:large","max-video-preview":"max-video-preview:-1"},"canonical":"https:\/\/variel.cz\/en\/kariera\/","og_locale":"en_GB","og_type":"article","og_title":"Kari\u00e9ra | VARIEL a.s.","og_description":"Technolog Po\u017eadujeme &#8211; n\u00e1pl\u0148 pr\u00e1ce: tvorba technologick\u00fdch postup\u016f normov\u00e1n\u00ed spot\u0159eby pr\u00e1ce flexibilita, komunikativnost, pe\u010dlivost, odolnost v\u016f\u010di stresu &nbsp; Samostatn\u00fd referent odd\u011bln\u00ed \u0159\u00edzen\u00ed jakosti &#8211; meziopera\u010dn\u00ed a v\u00fdstupn\u00ed kontrola Po\u017eadujeme: S\u0160 technick\u00e9ho\/stroj\u00edrensk\u00e9ho sm\u011bru znalost technick\u00e9 dokumentace flexibilita, komunikativnost, pe\u010dlivost, odolnost v\u016f\u010di stresu &nbsp; Samostatn\u00fd konstrukt\u00e9r Po\u017eadujeme: \u00fapln\u00e9 st\u0159edo\u0161kolsk\u00e9 nebo vysoko\u0161kolsk\u00e9 vzd\u011bl\u00e1n\u00ed technick\u00e9ho sm\u011bru, nejl\u00e9pe s prax\u00ed Read more about Kari\u00e9ra[&hellip;]","og_url":"https:\/\/variel.cz\/en\/kariera\/","og_site_name":"VARIEL a.s.","article_modified_time":"2026-04-20T09:02:28+00:00","twitter_card":"summary_large_image","twitter_misc":{"Estimated reading time":"2 minutes"},"schema":{"@context":"https:\/\/schema.org","@graph":[{"@type":"WebPage","@id":"https:\/\/variel.cz\/kariera\/","url":"https:\/\/variel.cz\/kariera\/","name":"Kari\u00e9ra | VARIEL a.s.","isPartOf":{"@id":"https:\/\/variel.cz\/#website"},"datePublished":"2017-04-03T15:13:12+00:00","dateModified":"2026-04-20T09:02:28+00:00","breadcrumb":{"@id":"https:\/\/variel.cz\/kariera\/#breadcrumb"},"inLanguage":"en-GB","potentialAction":[{"@type":"ReadAction","target":["https:\/\/variel.cz\/kariera\/"]}]},{"@type":"BreadcrumbList","@id":"https:\/\/variel.cz\/kariera\/#breadcrumb","itemListElement":[{"@type":"ListItem","position":1,"name":"Dom\u016f","item":"https:\/\/variel.cz\/"},{"@type":"ListItem","position":2,"name":"Kari\u00e9ra"}]},{"@type":"WebSite","@id":"https:\/\/variel.cz\/#website","url":"https:\/\/variel.cz\/","name":"VARIEL a.s.","description":"Technologick\u00e9, arm\u00e1dn\u00ed kontejnery, po\u0161tovn\u00ed schr\u00e1nky","publisher":{"@id":"https:\/\/variel.cz\/#organization"},"potentialAction":[{"@type":"SearchAction","target":{"@type":"EntryPoint","urlTemplate":"https:\/\/variel.cz\/?s={search_term_string}"},"query-input":{"@type":"PropertyValueSpecification","valueRequired":true,"valueName":"search_term_string"}}],"inLanguage":"en-GB"},{"@type":"Organization","@id":"https:\/\/variel.cz\/#organization","name":"Variel a.s","url":"https:\/\/variel.cz\/","logo":{"@type":"ImageObject","inLanguage":"en-GB","@id":"https:\/\/variel.cz\/#\/schema\/logo\/image\/","url":"https:\/\/variel.cz\/wp-content\/uploads\/2019\/11\/logo-variel-topm.png","contentUrl":"https:\/\/variel.cz\/wp-content\/uploads\/2019\/11\/logo-variel-topm.png","width":300,"height":274,"caption":"Variel a.s"},"image":{"@id":"https:\/\/variel.cz\/#\/schema\/logo\/image\/"}}]}},"_links":{"self":[{"href":"https:\/\/variel.cz\/en\/wp-json\/wp\/v2\/pages\/509"}],"collection":[{"href":"https:\/\/variel.cz\/en\/wp-json\/wp\/v2\/pages"}],"about":[{"href":"https:\/\/variel.cz\/en\/wp-json\/wp\/v2\/types\/page"}],"author":[{"embeddable":true,"href":"https:\/\/variel.cz\/en\/wp-json\/wp\/v2\/users\/1"}],"replies":[{"embeddable":true,"href":"https:\/\/variel.cz\/en\/wp-json\/wp\/v2\/comments?post=509"}],"version-history":[{"count":0,"href":"https:\/\/variel.cz\/en\/wp-json\/wp\/v2\/pages\/509\/revisions"}],"wp:attachment":[{"href":"https:\/\/variel.cz\/en\/wp-json\/wp\/v2\/media?parent=509"}],"curies":[{"name":"wp","href":"https:\/\/api.w.org\/{rel}","templated":true}]}}