{"id":480,"date":"2017-03-30T19:15:59","date_gmt":"2017-03-30T17:15:59","guid":{"rendered":"http:\/\/variel.cz\/?page_id=480"},"modified":"2026-01-19T19:58:41","modified_gmt":"2026-01-19T18:58:41","slug":"dokumenty","status":"publish","type":"page","link":"https:\/\/variel.cz\/en\/dokumenty\/","title":{"rendered":"Documents"},"content":{"rendered":"<h3><span style=\"color: #000000;\"><a style=\"color: #000000;\" href=\"https:\/\/variel.cz\/wp-content\/uploads\/2025\/09\/Pozvanka-02.pdf\">Pozv\u00e1nka na \u0159\u00e1dnou valnou hromadu<\/a><\/span><\/h3>\n<hr \/>\n<h3><span style=\"color: #000000;\"><a style=\"color: #000000;\" href=\"https:\/\/variel.cz\/wp-content\/uploads\/2026\/01\/Vyrocni-zprava-za-rok-2024.pdf\">V\u00fdro\u010dn\u00ed zpr\u00e1va za rok 2024<\/a><\/span><\/h3>\n<hr \/>\n<h3><span style=\"color: #000000;\"><a style=\"color: #000000;\" href=\"https:\/\/variel.cz\/wp-content\/uploads\/2025\/09\/Pozvanka-01.pdf\">Pozv\u00e1nka na \u0159\u00e1dnou valnou hromadu<\/a><\/span><\/h3>\n<hr \/>\n<h3><span style=\"color: #000000;\"><a style=\"color: #000000;\" href=\"https:\/\/variel.cz\/wp-content\/uploads\/2025\/09\/Vyrocni-zprava-za-rok-2023.pdf\">V\u00fdro\u010dn\u00ed zpr\u00e1va za rok 2023<\/a><\/span><\/h3>\n<hr \/>\n<h3><span style=\"color: #000000;\"><a style=\"color: #000000;\" href=\"https:\/\/variel.cz\/wp-content\/uploads\/2023\/08\/Vyrocni-zprava-za-rok-2022.pdf\">V\u00fdro\u010dn\u00ed zpr\u00e1va za rok 2022<\/a><\/span><\/h3>\n<hr \/>\n<h3><span style=\"color: #000000;\"><a style=\"color: #000000;\" href=\"http:\/\/variel.cz\/wp-content\/uploads\/2019\/08\/Etick\u00fd-kodex.pdf\">Code of Etics<\/a><\/span><\/h3>\n<hr \/>\n<h3><span style=\"color: #000000;\"><a style=\"color: #000000;\" href=\"http:\/\/variel.cz\/wp-content\/uploads\/2019\/08\/COMPLIANCE-FORMUL\u00c1\u0158.docx\">Compliance Form<\/a><\/span><\/h3>\n<hr \/>\n<h3><span style=\"color: #000000;\"><a style=\"color: #000000;\" href=\"http:\/\/variel.cz\/wp-content\/uploads\/2019\/08\/Prohl\u00e1\u0161en\u00ed-o-trestn\u00ed-odpov\u011bdnosti.pdf\">Statement of Criminal Responsibility<\/a><\/span><\/h3>\n<hr \/>\n<h3><span style=\"color: #000000;\"><a style=\"color: #000000;\" href=\"http:\/\/variel.cz\/wp-content\/uploads\/2020\/04\/EU-dotace.pdf\">EU Subsidies<\/a><\/span><\/h3>\n<hr \/>\n<h3><span style=\"color: #000000;\"><a style=\"color: #000000;\" href=\"http:\/\/variel.cz\/wp-content\/uploads\/2019\/11\/Variel_strojn\u00ed-vybaven\u00ed-AJ-2019.pdf\">Machinery Equipment of the company<\/a><\/span><\/h3>\n<hr \/>\n<h3><span style=\"color: #000000;\"><a style=\"color: #000000;\" href=\"http:\/\/variel.cz\/wp-content\/uploads\/2020\/11\/VOP-VARIEL-2020-1.pdf\">General Terms and Conditions of Supply of Goods to VARIEL, a. s.<\/a><\/span><\/h3>\n<hr \/>\n<h3><\/h3>\n<h3><\/h3>\n<h3><\/h3>\n<h3><\/h3>","protected":false},"excerpt":{"rendered":"<p>Pozv\u00e1nka na \u0159\u00e1dnou valnou hromadu V\u00fdro\u010dn\u00ed zpr\u00e1va za rok 2024 Pozv\u00e1nka na \u0159\u00e1dnou valnou hromadu V\u00fdro\u010dn\u00ed zpr\u00e1va za rok 2023 V\u00fdro\u010dn\u00ed zpr\u00e1va za rok 2022 Etick\u00fd kodex Compliance formul\u00e1\u0159 Prohl\u00e1\u0161en\u00ed o trestn\u00ed odpov\u011bdnosti EU dotace Strojn\u00ed vybaven\u00ed spole\u010dnosti V\u0161eobecn\u00e9 obchodn\u00ed podm\u00ednky dod\u00e1vek zbo\u017e\u00ed spole\u010dnosti VARIEL, a. s.<\/p>","protected":false},"author":1,"featured_media":0,"parent":0,"menu_order":0,"comment_status":"closed","ping_status":"closed","template":"","meta":{"footnotes":""},"class_list":["post-480","page","type-page","status-publish","hentry","wpautop"],"yoast_head":"<!-- This site is optimized with the Yoast SEO plugin v23.6 - https:\/\/yoast.com\/wordpress\/plugins\/seo\/ -->\n<title>Dokumenty | VARIEL a.s.<\/title>\n<meta name=\"robots\" content=\"index, follow, max-snippet:-1, max-image-preview:large, max-video-preview:-1\" \/>\n<link rel=\"canonical\" href=\"https:\/\/variel.cz\/en\/dokumenty\/\" \/>\n<meta property=\"og:locale\" content=\"en_GB\" \/>\n<meta property=\"og:type\" content=\"article\" \/>\n<meta property=\"og:title\" content=\"Dokumenty | VARIEL a.s.\" \/>\n<meta property=\"og:description\" content=\"Pozv\u00e1nka na \u0159\u00e1dnou valnou hromadu V\u00fdro\u010dn\u00ed zpr\u00e1va za rok 2024 Pozv\u00e1nka na \u0159\u00e1dnou valnou hromadu V\u00fdro\u010dn\u00ed zpr\u00e1va za rok 2023 V\u00fdro\u010dn\u00ed zpr\u00e1va za rok 2022 Etick\u00fd kodex Compliance formul\u00e1\u0159 Prohl\u00e1\u0161en\u00ed o trestn\u00ed odpov\u011bdnosti EU dotace Strojn\u00ed vybaven\u00ed spole\u010dnosti V\u0161eobecn\u00e9 obchodn\u00ed podm\u00ednky dod\u00e1vek zbo\u017e\u00ed spole\u010dnosti VARIEL, a. s.\" \/>\n<meta property=\"og:url\" content=\"https:\/\/variel.cz\/en\/dokumenty\/\" \/>\n<meta property=\"og:site_name\" content=\"VARIEL a.s.\" \/>\n<meta property=\"article:modified_time\" content=\"2026-01-19T18:58:41+00:00\" \/>\n<meta name=\"twitter:card\" content=\"summary_large_image\" \/>\n<meta name=\"twitter:label1\" content=\"Estimated reading time\" \/>\n\t<meta name=\"twitter:data1\" content=\"1 minute\" \/>\n<script type=\"application\/ld+json\" class=\"yoast-schema-graph\">{\"@context\":\"https:\/\/schema.org\",\"@graph\":[{\"@type\":\"WebPage\",\"@id\":\"https:\/\/variel.cz\/dokumenty\/\",\"url\":\"https:\/\/variel.cz\/dokumenty\/\",\"name\":\"Dokumenty | VARIEL a.s.\",\"isPartOf\":{\"@id\":\"https:\/\/variel.cz\/#website\"},\"datePublished\":\"2017-03-30T17:15:59+00:00\",\"dateModified\":\"2026-01-19T18:58:41+00:00\",\"breadcrumb\":{\"@id\":\"https:\/\/variel.cz\/dokumenty\/#breadcrumb\"},\"inLanguage\":\"en-GB\",\"potentialAction\":[{\"@type\":\"ReadAction\",\"target\":[\"https:\/\/variel.cz\/dokumenty\/\"]}]},{\"@type\":\"BreadcrumbList\",\"@id\":\"https:\/\/variel.cz\/dokumenty\/#breadcrumb\",\"itemListElement\":[{\"@type\":\"ListItem\",\"position\":1,\"name\":\"Dom\u016f\",\"item\":\"https:\/\/variel.cz\/\"},{\"@type\":\"ListItem\",\"position\":2,\"name\":\"Dokumenty\"}]},{\"@type\":\"WebSite\",\"@id\":\"https:\/\/variel.cz\/#website\",\"url\":\"https:\/\/variel.cz\/\",\"name\":\"VARIEL a.s.\",\"description\":\"Technologick\u00e9, arm\u00e1dn\u00ed kontejnery, po\u0161tovn\u00ed schr\u00e1nky\",\"publisher\":{\"@id\":\"https:\/\/variel.cz\/#organization\"},\"potentialAction\":[{\"@type\":\"SearchAction\",\"target\":{\"@type\":\"EntryPoint\",\"urlTemplate\":\"https:\/\/variel.cz\/?s={search_term_string}\"},\"query-input\":{\"@type\":\"PropertyValueSpecification\",\"valueRequired\":true,\"valueName\":\"search_term_string\"}}],\"inLanguage\":\"en-GB\"},{\"@type\":\"Organization\",\"@id\":\"https:\/\/variel.cz\/#organization\",\"name\":\"Variel a.s\",\"url\":\"https:\/\/variel.cz\/\",\"logo\":{\"@type\":\"ImageObject\",\"inLanguage\":\"en-GB\",\"@id\":\"https:\/\/variel.cz\/#\/schema\/logo\/image\/\",\"url\":\"https:\/\/variel.cz\/wp-content\/uploads\/2019\/11\/logo-variel-topm.png\",\"contentUrl\":\"https:\/\/variel.cz\/wp-content\/uploads\/2019\/11\/logo-variel-topm.png\",\"width\":300,\"height\":274,\"caption\":\"Variel a.s\"},\"image\":{\"@id\":\"https:\/\/variel.cz\/#\/schema\/logo\/image\/\"}}]}<\/script>\n<!-- \/ Yoast SEO plugin. -->","yoast_head_json":{"title":"Dokumenty | VARIEL a.s.","robots":{"index":"index","follow":"follow","max-snippet":"max-snippet:-1","max-image-preview":"max-image-preview:large","max-video-preview":"max-video-preview:-1"},"canonical":"https:\/\/variel.cz\/en\/dokumenty\/","og_locale":"en_GB","og_type":"article","og_title":"Dokumenty | VARIEL a.s.","og_description":"Pozv\u00e1nka na \u0159\u00e1dnou valnou hromadu V\u00fdro\u010dn\u00ed zpr\u00e1va za rok 2024 Pozv\u00e1nka na \u0159\u00e1dnou valnou hromadu V\u00fdro\u010dn\u00ed zpr\u00e1va za rok 2023 V\u00fdro\u010dn\u00ed zpr\u00e1va za rok 2022 Etick\u00fd kodex Compliance formul\u00e1\u0159 Prohl\u00e1\u0161en\u00ed o trestn\u00ed odpov\u011bdnosti EU dotace Strojn\u00ed vybaven\u00ed spole\u010dnosti V\u0161eobecn\u00e9 obchodn\u00ed podm\u00ednky dod\u00e1vek zbo\u017e\u00ed spole\u010dnosti VARIEL, a. s.","og_url":"https:\/\/variel.cz\/en\/dokumenty\/","og_site_name":"VARIEL a.s.","article_modified_time":"2026-01-19T18:58:41+00:00","twitter_card":"summary_large_image","twitter_misc":{"Estimated reading time":"1 minute"},"schema":{"@context":"https:\/\/schema.org","@graph":[{"@type":"WebPage","@id":"https:\/\/variel.cz\/dokumenty\/","url":"https:\/\/variel.cz\/dokumenty\/","name":"Dokumenty | VARIEL a.s.","isPartOf":{"@id":"https:\/\/variel.cz\/#website"},"datePublished":"2017-03-30T17:15:59+00:00","dateModified":"2026-01-19T18:58:41+00:00","breadcrumb":{"@id":"https:\/\/variel.cz\/dokumenty\/#breadcrumb"},"inLanguage":"en-GB","potentialAction":[{"@type":"ReadAction","target":["https:\/\/variel.cz\/dokumenty\/"]}]},{"@type":"BreadcrumbList","@id":"https:\/\/variel.cz\/dokumenty\/#breadcrumb","itemListElement":[{"@type":"ListItem","position":1,"name":"Dom\u016f","item":"https:\/\/variel.cz\/"},{"@type":"ListItem","position":2,"name":"Dokumenty"}]},{"@type":"WebSite","@id":"https:\/\/variel.cz\/#website","url":"https:\/\/variel.cz\/","name":"VARIEL a.s.","description":"Technologick\u00e9, arm\u00e1dn\u00ed kontejnery, po\u0161tovn\u00ed schr\u00e1nky","publisher":{"@id":"https:\/\/variel.cz\/#organization"},"potentialAction":[{"@type":"SearchAction","target":{"@type":"EntryPoint","urlTemplate":"https:\/\/variel.cz\/?s={search_term_string}"},"query-input":{"@type":"PropertyValueSpecification","valueRequired":true,"valueName":"search_term_string"}}],"inLanguage":"en-GB"},{"@type":"Organization","@id":"https:\/\/variel.cz\/#organization","name":"Variel a.s","url":"https:\/\/variel.cz\/","logo":{"@type":"ImageObject","inLanguage":"en-GB","@id":"https:\/\/variel.cz\/#\/schema\/logo\/image\/","url":"https:\/\/variel.cz\/wp-content\/uploads\/2019\/11\/logo-variel-topm.png","contentUrl":"https:\/\/variel.cz\/wp-content\/uploads\/2019\/11\/logo-variel-topm.png","width":300,"height":274,"caption":"Variel a.s"},"image":{"@id":"https:\/\/variel.cz\/#\/schema\/logo\/image\/"}}]}},"_links":{"self":[{"href":"https:\/\/variel.cz\/en\/wp-json\/wp\/v2\/pages\/480"}],"collection":[{"href":"https:\/\/variel.cz\/en\/wp-json\/wp\/v2\/pages"}],"about":[{"href":"https:\/\/variel.cz\/en\/wp-json\/wp\/v2\/types\/page"}],"author":[{"embeddable":true,"href":"https:\/\/variel.cz\/en\/wp-json\/wp\/v2\/users\/1"}],"replies":[{"embeddable":true,"href":"https:\/\/variel.cz\/en\/wp-json\/wp\/v2\/comments?post=480"}],"version-history":[{"count":0,"href":"https:\/\/variel.cz\/en\/wp-json\/wp\/v2\/pages\/480\/revisions"}],"wp:attachment":[{"href":"https:\/\/variel.cz\/en\/wp-json\/wp\/v2\/media?parent=480"}],"curies":[{"name":"wp","href":"https:\/\/api.w.org\/{rel}","templated":true}]}}